{"id":4675,"date":"2021-02-12T11:29:10","date_gmt":"2021-02-12T11:29:10","guid":{"rendered":"https:\/\/cinerama.qodeinteractive.com\/elementor\/?page_id=4675"},"modified":"2025-03-05T01:18:12","modified_gmt":"2025-03-04T22:18:12","slug":"hakkimizda","status":"publish","type":"page","link":"https:\/\/ikinciyenifilm.com\/en\/hakkimizda\/","title":{"rendered":"About"},"content":{"rendered":"<div data-elementor-type=\"wp-page\" data-elementor-id=\"4675\" class=\"elementor elementor-4675\" data-elementor-post-type=\"page\">\n\t\t\t\t\t\t<section class=\"elementor-section elementor-top-section elementor-element elementor-element-86b9c21 elementor-section-full_width edgtf-elementor-row-grid-section elementor-section-height-default elementor-section-height-default edgtf-parallax-row-no edgtf-content-aligment-left edgtf-disabled-bg-image-bellow-no\" data-id=\"86b9c21\" data-element_type=\"section\" data-e-type=\"section\">\n\t\t\t\t\t\t<div class=\"elementor-container elementor-column-gap-default\">\n\t\t\t\t\t<div class=\"elementor-column elementor-col-100 elementor-top-column elementor-element elementor-element-596af44\" data-id=\"596af44\" data-element_type=\"column\" data-e-type=\"column\">\n\t\t\t<div class=\"elementor-widget-wrap elementor-element-populated\">\n\t\t\t\t\t\t<div class=\"elementor-element elementor-element-a2126ca elementor-widget elementor-widget-text-editor\" data-id=\"a2126ca\" data-element_type=\"widget\" data-e-type=\"widget\" data-no-translation=\"\" data-widget_type=\"text-editor.default\">\n\t\t\t\t<div class=\"elementor-widget-container\">\n\t\t\t\t\t<style>.elementor-element-a2126ca{display:none !important}<\/style>\t\t\t\t<\/div>\n\t\t\t\t<\/div>\n\t\t\t\t<div class=\"elementor-element elementor-element-2ed0e31 elementor-widget elementor-widget-text-editor\" data-id=\"2ed0e31\" data-element_type=\"widget\" data-e-type=\"widget\" data-no-translation=\"\" data-widget_type=\"text-editor.default\">\n\t\t\t\t<div class=\"elementor-widget-container\">\n\t\t\t\t\t\t\t\t\t<p>\u0130kinciyeni Film was founded in 2013 as a production company specializing in films, TV series, television programs, and documentaries. Its first feature film, the drama Muna, was released in 2015. This was followed by the absurd comedy TV movie B\u00fcnyamin in 2016. In 2017, the company produced its second theatrical release, the thriller Durak.<br \/><br \/>It has produced distinguished projects such as the 34-episode Legends of War, which sheds light on history, the 16-episode docudrama series Legends of History, and the 10-episode At\u00f6lye, which explores nearly forgotten crafts.<br \/><br \/>In 2024, \u0130kinciyeni produced the series S\u00fcrg\u00fcnler for TRT Digital Platform TAB\u0130\u0130. In the same year, it took on theproduction of the film Whistlers in the Dark, a co-productionbetween Turkey, Germany, and Bulgaria, set to be released in 2025.<br \/><br \/>Additionally, the company has served as a co-producer on projects slated for screenings at prestigious internationalfestivals. Among these are Made in UK, a Bulgarianproduction directed by Stephan Komandarev, and Resonance, directed by Yordan Petkov.<br \/><br \/>With over a decade of experience in national and internationalfilm and television production, \u0130kinciyeni Film continues tobuild on its expertise through its dedicated team and long-termindustry partnerships.<\/p>\t\t\t\t\t\t\t\t<\/div>\n\t\t\t\t<\/div>\n\t\t\t\t\t<\/div>\n\t\t<\/div>\n\t\t\t\t\t<\/div>\n\t\t<\/section>\n\t\t\t\t<\/div>","protected":false},"excerpt":{"rendered":"<p>\u0130kinciyeni Film,\u00a0film, dizi, televizyon program\u0131 ve belgesel alanlar\u0131nda \u00fcretim yapan\u00a0bir yap\u0131m evi\u00a0olarak\u00a02013 y\u0131l\u0131nda kuruldu. \u0130lk uzun metraj filmi, dram\u00a0t\u00fcr\u00fcndeki\u00a0Muna, 2015\u2019te seyirciyle bulu\u015ftu. Bunu, 2016 y\u0131l\u0131nda abs\u00fcrt komedi t\u00fcr\u00fcndeki\u00a0B\u00fcnyamin\u00a0adl\u0131 TV filmi izledi.\u00a0Ard\u0131ndan\u00a02017\u2019de gerilim t\u00fcr\u00fcndeki ikinci vizyon filmi\u00a0Durak\u2019\u0131\u00a0yapt\u0131. Bu tarihten itibaren belgesel [&hellip;]<\/p>","protected":false},"author":1,"featured_media":0,"parent":0,"menu_order":0,"comment_status":"closed","ping_status":"closed","template":"full-width.php","meta":{"footnotes":""},"class_list":["post-4675","page","type-page","status-publish","hentry"],"_links":{"self":[{"href":"https:\/\/ikinciyenifilm.com\/en\/wp-json\/wp\/v2\/pages\/4675","targetHints":{"allow":["GET"]}}],"collection":[{"href":"https:\/\/ikinciyenifilm.com\/en\/wp-json\/wp\/v2\/pages"}],"about":[{"href":"https:\/\/ikinciyenifilm.com\/en\/wp-json\/wp\/v2\/types\/page"}],"author":[{"embeddable":true,"href":"https:\/\/ikinciyenifilm.com\/en\/wp-json\/wp\/v2\/users\/1"}],"replies":[{"embeddable":true,"href":"https:\/\/ikinciyenifilm.com\/en\/wp-json\/wp\/v2\/comments?post=4675"}],"version-history":[{"count":29,"href":"https:\/\/ikinciyenifilm.com\/en\/wp-json\/wp\/v2\/pages\/4675\/revisions"}],"predecessor-version":[{"id":6649,"href":"https:\/\/ikinciyenifilm.com\/en\/wp-json\/wp\/v2\/pages\/4675\/revisions\/6649"}],"wp:attachment":[{"href":"https:\/\/ikinciyenifilm.com\/en\/wp-json\/wp\/v2\/media?parent=4675"}],"curies":[{"name":"wp","href":"https:\/\/api.w.org\/{rel}","templated":true}]}}