{"id":4890,"date":"2021-02-18T13:44:23","date_gmt":"2021-02-18T13:44:23","guid":{"rendered":"https:\/\/cinerama.qodeinteractive.com\/elementor\/?page_id=4890"},"modified":"2025-03-26T13:05:36","modified_gmt":"2025-03-26T10:05:36","slug":"iletisim","status":"publish","type":"page","link":"https:\/\/ikinciyenifilm.com\/en\/iletisim\/","title":{"rendered":"Contact"},"content":{"rendered":"<div data-elementor-type=\"wp-page\" data-elementor-id=\"4890\" class=\"elementor elementor-4890\" data-elementor-post-type=\"page\">\n\t\t\t\t\t\t<section class=\"elementor-section elementor-top-section elementor-element elementor-element-66a0a91 elementor-section-full_width edgtf-elementor-row-grid-section elementor-section-height-default elementor-section-height-default edgtf-parallax-row-no edgtf-content-aligment-left edgtf-disabled-bg-image-bellow-no\" data-id=\"66a0a91\" data-element_type=\"section\" data-e-type=\"section\">\n\t\t\t\t\t\t<div class=\"elementor-container elementor-column-gap-default\">\n\t\t\t\t\t<div class=\"elementor-column elementor-col-50 elementor-top-column elementor-element elementor-element-90043c1\" data-id=\"90043c1\" data-element_type=\"column\" data-e-type=\"column\">\n\t\t\t<div class=\"elementor-widget-wrap elementor-element-populated\">\n\t\t\t\t\t\t<section class=\"elementor-section elementor-inner-section elementor-element elementor-element-5a10e48 elementor-section-boxed elementor-section-height-default elementor-section-height-default edgtf-parallax-row-no edgtf-content-aligment-left edgtf-elementor-row-grid-no edgtf-disabled-bg-image-bellow-no\" data-id=\"5a10e48\" data-element_type=\"section\" data-e-type=\"section\">\n\t\t\t\t\t\t<div class=\"elementor-container elementor-column-gap-default\">\n\t\t\t\t\t<div class=\"elementor-column elementor-col-100 elementor-inner-column elementor-element elementor-element-cce1cf7\" data-id=\"cce1cf7\" data-element_type=\"column\" data-e-type=\"column\">\n\t\t\t<div class=\"elementor-widget-wrap elementor-element-populated\">\n\t\t\t\t\t\t<div class=\"elementor-element elementor-element-d59cb7b elementor-widget elementor-widget-edgtf_icon_with_text\" data-id=\"d59cb7b\" data-element_type=\"widget\" data-e-type=\"widget\" data-widget_type=\"edgtf_icon_with_text.default\">\n\t\t\t\t<div class=\"elementor-widget-container\">\n\t\t\t\t\t<div class=\"edgtf-iwt clearfix  edgtf-iwt-icon-left-from-title edgtf-iwt-icon-small\">\n\t<div class=\"edgtf-iwt-content\" >\n\t\t\t\t\t<h5 class=\"edgtf-iwt-title\" >\n\t\t\t\t\t\t\t\t\t<span class=\"edgtf-iwt-icon\">\n\t\t\t\t\t\t\t\t\t\t\t\t\t    <span class=\"edgtf-icon-shortcode edgtf-normal   edgtf-icon-small\"  data-color=\"#000000\">\n                    <i class=\"edgtf-icon-font-awesome fa fa-home edgtf-icon-element\" style=\"color: #000000\" ><\/i>            <\/span>\n\t\t\t\t\t\t\t\t\t\t\t<\/span>\n\t\t\t\t\t<span class=\"edgtf-iwt-title-text\">Adress<\/span>\n\t\t\t\t\t\t\t<\/h5>\n\t\t\t\t\t\t\t<p class=\"edgtf-iwt-text\" >Altunizade Mahallesi Okul Sokak Altunizade Sitesi F Blok Daire:9 \u00dcSK\u00dcDAR<\/p>\n\t\t\t<\/div>\n<\/div>\t\t\t\t<\/div>\n\t\t\t\t<\/div>\n\t\t\t\t<div class=\"elementor-element elementor-element-ad97bae elementor-widget elementor-widget-edgtf_icon_with_text\" data-id=\"ad97bae\" data-element_type=\"widget\" data-e-type=\"widget\" data-widget_type=\"edgtf_icon_with_text.default\">\n\t\t\t\t<div class=\"elementor-widget-container\">\n\t\t\t\t\t<div class=\"edgtf-iwt clearfix  edgtf-iwt-icon-left-from-title edgtf-iwt-icon-small\">\n\t<div class=\"edgtf-iwt-content\" >\n\t\t\t\t\t<h5 class=\"edgtf-iwt-title\" >\n\t\t\t\t\t\t\t\t\t<span class=\"edgtf-iwt-icon\">\n\t\t\t\t\t\t\t\t\t\t\t\t\t    <span class=\"edgtf-icon-shortcode edgtf-normal   edgtf-icon-small\"  data-color=\"#000000\">\n                    <i class=\"edgtf-icon-font-awesome fa fa-phone edgtf-icon-element\" style=\"color: #000000\" ><\/i>            <\/span>\n\t\t\t\t\t\t\t\t\t\t\t<\/span>\n\t\t\t\t\t<span class=\"edgtf-iwt-title-text\">Phone<\/span>\n\t\t\t\t\t\t\t<\/h5>\n\t\t\t\t\t\t\t<p class=\"edgtf-iwt-text\" >+90 216 557 66 59<\/p>\n\t\t\t<\/div>\n<\/div>\t\t\t\t<\/div>\n\t\t\t\t<\/div>\n\t\t\t\t<div class=\"elementor-element elementor-element-f5b1f89 elementor-widget elementor-widget-edgtf_icon_with_text\" data-id=\"f5b1f89\" data-element_type=\"widget\" data-e-type=\"widget\" data-widget_type=\"edgtf_icon_with_text.default\">\n\t\t\t\t<div class=\"elementor-widget-container\">\n\t\t\t\t\t<div class=\"edgtf-iwt clearfix  edgtf-iwt-icon-left-from-title edgtf-iwt-icon-small\">\n\t<div class=\"edgtf-iwt-content\" >\n\t\t\t\t\t<h5 class=\"edgtf-iwt-title\" >\n\t\t\t\t\t\t\t\t\t<span class=\"edgtf-iwt-icon\">\n\t\t\t\t\t\t\t\t\t\t\t\t\t    <span class=\"edgtf-icon-shortcode edgtf-normal   edgtf-icon-small\"  data-color=\"#000000\">\n                    <i class=\"edgtf-icon-font-awesome fa fa-envelope edgtf-icon-element\" style=\"color: #000000\" ><\/i>            <\/span>\n\t\t\t\t\t\t\t\t\t\t\t<\/span>\n\t\t\t\t\t<span class=\"edgtf-iwt-title-text\">E-MAIL<\/span>\n\t\t\t\t\t\t\t<\/h5>\n\t\t\t\t\t\t\t<p class=\"edgtf-iwt-text\" >info@ikinciyenifilm.com<\/p>\n\t\t\t<\/div>\n<\/div>\t\t\t\t<\/div>\n\t\t\t\t<\/div>\n\t\t\t\t\t<\/div>\n\t\t<\/div>\n\t\t\t\t\t<\/div>\n\t\t<\/section>\n\t\t\t\t<div class=\"elementor-element elementor-element-1451a99 elementor-widget elementor-widget-edgtf_separator\" data-id=\"1451a99\" data-element_type=\"widget\" data-e-type=\"widget\" data-widget_type=\"edgtf_separator.default\">\n\t\t\t\t<div class=\"elementor-widget-container\">\n\t\t\t\t\t<div class=\"edgtf-separator-holder clearfix   edgtf-separator-full-width\">\n\t<div class=\"edgtf-separator\" style=\"border-color: #E6E6E6;border-style: solid;width: px;border-bottom-width: 1px\"><\/div>\n<\/div>\n\t\t\t\t<\/div>\n\t\t\t\t<\/div>\n\t\t\t\t<div class=\"elementor-element elementor-element-55b372f elementor-widget__width-auto elementor-widget elementor-widget-edgtf_icon\" data-id=\"55b372f\" data-element_type=\"widget\" data-e-type=\"widget\" data-widget_type=\"edgtf_icon.default\">\n\t\t\t\t<div class=\"elementor-widget-container\">\n\t\t\t\t\t    <span class=\"edgtf-icon-shortcode edgtf-normal   edgtf-icon-small\"  data-hover-color=\"#787878\">\n                    <a itemprop=\"url\" class=\"\" href=\"https:\/\/www.instagram.com\/ikinciyenifilm\/\" target=\"_blank\">\n                    <i class=\"edgtf-icon-font-awesome fab fa-instagram edgtf-icon-element\" style=\"font-size:25px\" ><\/i>                    <\/a>\n            <\/span>\n\t\t\t\t<\/div>\n\t\t\t\t<\/div>\n\t\t\t\t<div class=\"elementor-element elementor-element-3bffad1 elementor-widget__width-auto elementor-widget elementor-widget-edgtf_icon\" data-id=\"3bffad1\" data-element_type=\"widget\" data-e-type=\"widget\" data-widget_type=\"edgtf_icon.default\">\n\t\t\t\t<div class=\"elementor-widget-container\">\n\t\t\t\t\t    <span class=\"edgtf-icon-shortcode edgtf-normal   edgtf-icon-small\"  data-hover-color=\"#787878\">\n                    <a itemprop=\"url\" class=\"\" href=\"https:\/\/twitter.com\/ikinciyenifilm\" target=\"_blank\">\n                    <span aria-hidden=\"true\" class=\"edgtf-icon-font-elegant social_twitter edgtf-icon-element\" style=\"font-size:25px\" ><\/span>                    <\/a>\n            <\/span>\n\t\t\t\t<\/div>\n\t\t\t\t<\/div>\n\t\t\t\t<div class=\"elementor-element elementor-element-797d7f2 elementor-widget__width-auto elementor-widget elementor-widget-edgtf_icon\" data-id=\"797d7f2\" data-element_type=\"widget\" data-e-type=\"widget\" data-widget_type=\"edgtf_icon.default\">\n\t\t\t\t<div class=\"elementor-widget-container\">\n\t\t\t\t\t    <span class=\"edgtf-icon-shortcode edgtf-normal   edgtf-icon-small\"  data-hover-color=\"#787878\">\n                    <a itemprop=\"url\" class=\"\" href=\"https:\/\/vimeo.com\/ikinciyenifilm\" target=\"_blank\">\n                    <span aria-hidden=\"true\" class=\"edgtf-icon-font-elegant social_vimeo edgtf-icon-element\" style=\"font-size:25px\" ><\/span>                    <\/a>\n            <\/span>\n\t\t\t\t<\/div>\n\t\t\t\t<\/div>\n\t\t\t\t\t<\/div>\n\t\t<\/div>\n\t\t\t\t<div class=\"elementor-column elementor-col-50 elementor-top-column elementor-element elementor-element-5a3f675\" data-id=\"5a3f675\" data-element_type=\"column\" data-e-type=\"column\">\n\t\t\t<div class=\"elementor-widget-wrap elementor-element-populated\">\n\t\t\t\t\t\t<div class=\"elementor-element elementor-element-4cda130 elementor-widget elementor-widget-text-editor\" data-id=\"4cda130\" data-element_type=\"widget\" data-e-type=\"widget\" data-widget_type=\"text-editor.default\">\n\t\t\t\t<div class=\"elementor-widget-container\">\n\t\t\t\t\t\t\t\t\t<h4>Contact Us<\/h4>\t\t\t\t\t\t\t\t<\/div>\n\t\t\t\t<\/div>\n\t\t\t\t<div class=\"elementor-element elementor-element-dc2b9a6 elementor-widget elementor-widget-shortcode\" data-id=\"dc2b9a6\" data-element_type=\"widget\" data-e-type=\"widget\" data-widget_type=\"shortcode.default\">\n\t\t\t\t<div class=\"elementor-widget-container\">\n\t\t\t\t\t\t\t<div class=\"elementor-shortcode\"><div class='fluentform ff-default fluentform_wrapper_3 ffs_default_wrap'><form data-form_id=\"3\" id=\"fluentform_3\" class=\"frm-fluent-form fluent_form_3 ff-el-form-top ff_form_instance_3_1 ff-form-loading ffs_default\" data-form_instance=\"ff_form_instance_3_1\" method=\"POST\" action=\"\" ><fieldset  style=\"border: none!important;margin: 0!important;padding: 0!important;background-color: transparent!important;box-shadow: none!important;outline: none!important; min-inline-size: 100%;\">\n                    <legend class=\"ff_screen_reader_title\" style=\"display: block; margin: 0!important;padding: 0!important;height: 0!important;text-indent: -999999px;width: 0!important;overflow:hidden;\">Contact Form Demo (#3)<\/legend><input type='hidden' name='__fluent_form_embded_post_id' value='4890' \/><input type=\"hidden\" id=\"_fluentform_3_fluentformnonce\" name=\"_fluentform_3_fluentformnonce\" value=\"5ee71b040c\" \/><input type=\"hidden\" name=\"_wp_http_referer\" value=\"\/en\/wp-json\/wp\/v2\/pages\/4890\" \/><div data-type=\"name-element\" data-name=\"names\" class=\"ff-field_container ff-name-field-wrapper\" ><div class='ff-t-container'><div class='ff-t-cell'><div class='ff-el-group'><div class=\"ff-el-input--label ff-el-is-required asterisk-right\"><label for='ff_3_names_first_name_' id='label_ff_3_names_first_name_' >Name<\/label><\/div><div class='ff-el-input--content'><input type=\"text\" name=\"names[first_name]\" id=\"ff_3_names_first_name_\" class=\"ff-el-form-control\" placeholder=\"Name\" aria-invalid=\"false\" aria-required=\"true\"><\/div><\/div><\/div><div class='ff-t-cell'><div class='ff-el-group'><div class=\"ff-el-input--label ff-el-is-required asterisk-right\"><label for='ff_3_names_last_name_' id='label_ff_3_names_last_name_' >Surname<\/label><\/div><div class='ff-el-input--content'><input type=\"text\" name=\"names[last_name]\" id=\"ff_3_names_last_name_\" class=\"ff-el-form-control\" placeholder=\"Surname\" aria-invalid=\"false\" aria-required=\"true\"><\/div><\/div><\/div><\/div><\/div><div class='ff-el-group'><div class=\"ff-el-input--label ff-el-is-required asterisk-right\"><label for='ff_3_email' id='label_ff_3_email' aria-label=\"E-MAIL\">E-MAIL<\/label><\/div><div class='ff-el-input--content'><input type=\"email\" name=\"email\" id=\"ff_3_email\" class=\"ff-el-form-control\" placeholder=\"E-MAIL\" data-name=\"email\"  aria-invalid=\"false\" aria-required=\"true\"><\/div><\/div><div class='ff-el-group'><div class=\"ff-el-input--label ff-el-is-required asterisk-right\"><label for='ff_3_message' id='label_ff_3_message' aria-label=\"Message\">Message<\/label><\/div><div class='ff-el-input--content'><textarea aria-required=\"true\" aria-labelledby=\"label_ff_3_message\" name=\"message\" id=\"ff_3_message\" class=\"ff-el-form-control\" placeholder=\"Message\" rows=\"4\" cols=\"2\" data-name=\"message\" ><\/textarea><\/div><\/div><div class='ff-el-group ff-text-left ff_submit_btn_wrapper'><button type=\"submit\" class=\"ff-btn ff-btn-submit ff-btn-md ff_btn_style\"  aria-label=\"Send\">Send<\/button><\/div><\/fieldset><input type=\"hidden\" name=\"trp-form-language\" value=\"en\"\/><\/form><div id='fluentform_3_errors' class='ff-errors-in-stack ff_form_instance_3_1 ff-form-loading_errors ff_form_instance_3_1_errors'><\/div><\/div>            <script type=\"text\/javascript\">\n                window.fluent_form_ff_form_instance_3_1 = {\"id\":\"3\",\"ajaxUrl\":\"https:\\\/\\\/ikinciyenifilm.com\\\/wp-admin\\\/admin-ajax.php\",\"settings\":{\"layout\":{\"labelPlacement\":\"top\",\"asteriskPlacement\":\"asterisk-right\",\"helpMessagePlacement\":\"with_label\",\"errorMessagePlacement\":\"inline\",\"cssClassName\":\"\"},\"restrictions\":{\"denyEmptySubmission\":{\"enabled\":false}}},\"form_instance\":\"ff_form_instance_3_1\",\"form_id_selector\":\"fluentform_3\",\"rules\":{\"names[first_name]\":{\"required\":{\"value\":true,\"message\":\"Ad\\u0131n\\u0131z\\u0131 girmelisiniz.\",\"global\":false,\"global_message\":\"This field is required\"}},\"names[middle_name]\":{\"required\":{\"value\":false,\"message\":\"This field is required\",\"global\":true,\"global_message\":\"This field is required\"}},\"names[last_name]\":{\"required\":{\"value\":true,\"message\":\"Soyad\\u0131n\\u0131z\\u0131 girmelisiniz.\",\"global\":false,\"global_message\":\"This field is required\"}},\"email\":{\"required\":{\"value\":true,\"message\":\"Mail adresinizi girmelisiniz.\",\"global\":false,\"global_message\":\"This field is required\"},\"email\":{\"value\":true,\"message\":\"L\\u00fctfen ge\\u00e7erli bir mail adresi girin.\",\"global\":false,\"global_message\":\"This field must contain a valid email\"}},\"message\":{\"required\":{\"value\":true,\"message\":\"Bir mesaj girmelisiniz.\",\"global\":false,\"global_message\":\"This field is required\"}}},\"debounce_time\":300};\n                            <\/script>\n            <\/div>\n\t\t\t\t\t\t<\/div>\n\t\t\t\t<\/div>\n\t\t\t\t\t<\/div>\n\t\t<\/div>\n\t\t\t\t\t<\/div>\n\t\t<\/section>\n\t\t\t\t<section class=\"elementor-section elementor-top-section elementor-element elementor-element-d7c23bc elementor-section-full_width elementor-section-height-default elementor-section-height-default edgtf-parallax-row-no edgtf-content-aligment-left edgtf-elementor-row-grid-no edgtf-disabled-bg-image-bellow-no\" data-id=\"d7c23bc\" data-element_type=\"section\" data-e-type=\"section\">\n\t\t\t\t\t\t<div class=\"elementor-container elementor-column-gap-default\">\n\t\t\t\t\t<div class=\"elementor-column elementor-col-100 elementor-top-column elementor-element elementor-element-eb098d6\" data-id=\"eb098d6\" data-element_type=\"column\" data-e-type=\"column\">\n\t\t\t<div class=\"elementor-widget-wrap elementor-element-populated\">\n\t\t\t\t\t\t<div class=\"elementor-element elementor-element-84c1055 elementor-widget elementor-widget-text-editor\" data-id=\"84c1055\" data-element_type=\"widget\" data-e-type=\"widget\" data-widget_type=\"text-editor.default\">\n\t\t\t\t<div class=\"elementor-widget-container\">\n\t\t\t\t\t\t\t\t\t<p><iframe style=\"border: 0;\" src=\"https:\/\/www.google.com\/maps\/embed?pb=!1m17!1m12!1m3!1d3010.2844501636996!2d29.045815776040996!3d41.01903237134917!2m3!1f0!2f0!3f0!3m2!1i1024!2i768!4f13.1!3m2!1m1!2zNDHCsDAxJzA4LjUiTiAyOcKwMDInNTQuMiJF!5e0!3m2!1str!2str!4v1742983512149!5m2!1str!2str\" width=\"600\" height=\"450\" allowfullscreen=\"allowfullscreen\"><\/iframe><\/p>\t\t\t\t\t\t\t\t<\/div>\n\t\t\t\t<\/div>\n\t\t\t\t\t<\/div>\n\t\t<\/div>\n\t\t\t\t\t<\/div>\n\t\t<\/section>\n\t\t\t\t<\/div>","protected":false},"excerpt":{"rendered":"<p>Adres Altunizade Mahallesi Okul Sokak Altunizade Sitesi F Blok Daire:9 \u00dcSK\u00dcDAR Telefon +90 216 557 66 59 E-Posta info@ikinciyenifilm.com Bize Ula\u015f\u0131n<\/p>","protected":false},"author":1,"featured_media":0,"parent":0,"menu_order":0,"comment_status":"closed","ping_status":"closed","template":"full-width.php","meta":{"footnotes":""},"class_list":["post-4890","page","type-page","status-publish","hentry"],"_links":{"self":[{"href":"https:\/\/ikinciyenifilm.com\/en\/wp-json\/wp\/v2\/pages\/4890","targetHints":{"allow":["GET"]}}],"collection":[{"href":"https:\/\/ikinciyenifilm.com\/en\/wp-json\/wp\/v2\/pages"}],"about":[{"href":"https:\/\/ikinciyenifilm.com\/en\/wp-json\/wp\/v2\/types\/page"}],"author":[{"embeddable":true,"href":"https:\/\/ikinciyenifilm.com\/en\/wp-json\/wp\/v2\/users\/1"}],"replies":[{"embeddable":true,"href":"https:\/\/ikinciyenifilm.com\/en\/wp-json\/wp\/v2\/comments?post=4890"}],"version-history":[{"count":31,"href":"https:\/\/ikinciyenifilm.com\/en\/wp-json\/wp\/v2\/pages\/4890\/revisions"}],"predecessor-version":[{"id":6658,"href":"https:\/\/ikinciyenifilm.com\/en\/wp-json\/wp\/v2\/pages\/4890\/revisions\/6658"}],"wp:attachment":[{"href":"https:\/\/ikinciyenifilm.com\/en\/wp-json\/wp\/v2\/media?parent=4890"}],"curies":[{"name":"wp","href":"https:\/\/api.w.org\/{rel}","templated":true}]}}